{"id":29,"date":"2023-01-24T11:37:09","date_gmt":"2023-01-24T11:37:09","guid":{"rendered":"https:\/\/247net.dk\/?page_id=29"},"modified":"2023-01-24T11:39:03","modified_gmt":"2023-01-24T11:39:03","slug":"forside","status":"publish","type":"page","link":"https:\/\/247net.dk\/","title":{"rendered":"Forside"},"content":{"rendered":"\n<figure class=\"wp-block-image size-full\"><img decoding=\"async\" src=\"https:\/\/demo.steait.net\/wp-content\/uploads\/2023\/01\/247-internet-stor.jpg\" alt=\"\" class=\"wp-image-27\"\/><\/figure>\n\n\n\n<p><strong>24-7 NET<\/strong><br>Nyt Internet i dit omr\u00e5de..<\/p>\n\n\n\n<p>Der er et helt nyt og kraftigere Internet med Bredb\u00e5ndstelefoni (VoIP) i dit lokal omr\u00e5de! Forbindelserne er hurtigere, mere fleksible, stabile og tilpasset dit behov.<\/p>\n\n\n\n<p><strong>Garanteret hastighed med Internet fra 24-7 Net<\/strong><br>Det nye tr\u00e5dl\u00f8se internet leveres i h\u00f8jeste kvalitet, stabilt og med garanterede ydelser.<br>Vi anvender den nyeste og bedste teknologi p\u00e5 markedet, hvilket sikrer, du under normale  omst\u00e6ndigheder ikke vil opleve udfald eller forsinkelser ved brug.<\/p>\n\n\n\n<p><strong>Det er nemt at komme p\u00e5 det nye tr\u00e5dl\u00f8se Internet..<\/strong><\/p>\n","protected":false},"excerpt":{"rendered":"<p>24-7 NETNyt Internet i dit omr\u00e5de.. Der er et helt nyt og kraftigere Internet med Bredb\u00e5ndstelefoni (VoIP) i dit lokal omr\u00e5de! Forbindelserne er hurtigere, mere fleksible, stabile og tilpasset dit behov. Garanteret hastighed med Internet fra 24-7 NetDet nye tr\u00e5dl\u00f8se internet leveres i h\u00f8jeste kvalitet, stabilt og med garanterede ydelser.Vi anvender den nyeste og bedste [&hellip;]<\/p>\n","protected":false},"author":1,"featured_media":0,"parent":0,"menu_order":0,"comment_status":"closed","ping_status":"closed","template":"","meta":{"footnotes":""},"class_list":["post-29","page","type-page","status-publish","hentry"],"_links":{"self":[{"href":"https:\/\/247net.dk\/index.php\/wp-json\/wp\/v2\/pages\/29","targetHints":{"allow":["GET"]}}],"collection":[{"href":"https:\/\/247net.dk\/index.php\/wp-json\/wp\/v2\/pages"}],"about":[{"href":"https:\/\/247net.dk\/index.php\/wp-json\/wp\/v2\/types\/page"}],"author":[{"embeddable":true,"href":"https:\/\/247net.dk\/index.php\/wp-json\/wp\/v2\/users\/1"}],"replies":[{"embeddable":true,"href":"https:\/\/247net.dk\/index.php\/wp-json\/wp\/v2\/comments?post=29"}],"version-history":[{"count":2,"href":"https:\/\/247net.dk\/index.php\/wp-json\/wp\/v2\/pages\/29\/revisions"}],"predecessor-version":[{"id":49,"href":"https:\/\/247net.dk\/index.php\/wp-json\/wp\/v2\/pages\/29\/revisions\/49"}],"wp:attachment":[{"href":"https:\/\/247net.dk\/index.php\/wp-json\/wp\/v2\/media?parent=29"}],"curies":[{"name":"wp","href":"https:\/\/api.w.org\/{rel}","templated":true}]}}