{"id":31,"date":"2023-01-24T11:37:09","date_gmt":"2023-01-24T11:37:09","guid":{"rendered":"https:\/\/247net.dk\/?page_id=31"},"modified":"2023-01-24T11:38:35","modified_gmt":"2023-01-24T11:38:35","slug":"daekningskort","status":"publish","type":"page","link":"https:\/\/247net.dk\/index.php\/daekningskort\/","title":{"rendered":"D\u00e6kningskort"},"content":{"rendered":"\n<p>Se vejledende d\u00e6kningskort og kontakt os gerne for yderlig info eller sp\u00f8rgsm\u00e5l, hvis I bor i og t\u00e6t ved omr\u00e5det afgr\u00e6nset af Ringk\u00f8bing, Videb\u00e6k og Tarm.<\/p>\n\n\n\n<figure class=\"wp-block-image size-full\"><img decoding=\"async\" src=\"https:\/\/demo.steait.net\/wp-content\/uploads\/2023\/01\/Daekningskortny.png\" alt=\"\" class=\"wp-image-33\"\/><\/figure>\n\n\n\n<p><strong>Internet i:<\/strong><\/p>\n\n\n\n<ul class=\"wp-block-list\">\n<li>Astrup<\/li>\n\n\n\n<li>Borris<\/li>\n\n\n\n<li>B\u00f8lling<\/li>\n\n\n\n<li>Dejbjerg<\/li>\n\n\n\n<li>Faster<\/li>\n\n\n\n<li>Finderup<\/li>\n\n\n\n<li>Hanning<\/li>\n\n\n\n<li>Herborg<\/li>\n\n\n\n<li>H\u00f8jmark<\/li>\n\n\n\n<li>Lem St<\/li>\n\n\n\n<li>L\u00f8nborg<\/li>\n\n\n\n<li>R\u00e6kker M\u00f8lle<\/li>\n\n\n\n<li>Skjern<\/li>\n\n\n\n<li>Sdr. Felding<\/li>\n\n\n\n<li>Stauning<\/li>\n\n\n\n<li>Tarm<\/li>\n\n\n\n<li>\u00d8lstrup<\/li>\n<\/ul>\n","protected":false},"excerpt":{"rendered":"<p>Se vejledende d\u00e6kningskort og kontakt os gerne for yderlig info eller sp\u00f8rgsm\u00e5l, hvis I bor i og t\u00e6t ved omr\u00e5det afgr\u00e6nset af Ringk\u00f8bing, Videb\u00e6k og Tarm. Internet i:<\/p>\n","protected":false},"author":1,"featured_media":0,"parent":0,"menu_order":0,"comment_status":"closed","ping_status":"closed","template":"","meta":{"footnotes":""},"class_list":["post-31","page","type-page","status-publish","hentry"],"_links":{"self":[{"href":"https:\/\/247net.dk\/index.php\/wp-json\/wp\/v2\/pages\/31","targetHints":{"allow":["GET"]}}],"collection":[{"href":"https:\/\/247net.dk\/index.php\/wp-json\/wp\/v2\/pages"}],"about":[{"href":"https:\/\/247net.dk\/index.php\/wp-json\/wp\/v2\/types\/page"}],"author":[{"embeddable":true,"href":"https:\/\/247net.dk\/index.php\/wp-json\/wp\/v2\/users\/1"}],"replies":[{"embeddable":true,"href":"https:\/\/247net.dk\/index.php\/wp-json\/wp\/v2\/comments?post=31"}],"version-history":[{"count":2,"href":"https:\/\/247net.dk\/index.php\/wp-json\/wp\/v2\/pages\/31\/revisions"}],"predecessor-version":[{"id":48,"href":"https:\/\/247net.dk\/index.php\/wp-json\/wp\/v2\/pages\/31\/revisions\/48"}],"wp:attachment":[{"href":"https:\/\/247net.dk\/index.php\/wp-json\/wp\/v2\/media?parent=31"}],"curies":[{"name":"wp","href":"https:\/\/api.w.org\/{rel}","templated":true}]}}