{"id":34,"date":"2023-01-24T11:37:09","date_gmt":"2023-01-24T11:37:09","guid":{"rendered":"https:\/\/247net.dk\/?page_id=34"},"modified":"2023-01-24T11:42:17","modified_gmt":"2023-01-24T11:42:17","slug":"hvorfor-viptel","status":"publish","type":"page","link":"https:\/\/247net.dk\/index.php\/hvorfor-viptel\/","title":{"rendered":"Hvorfor VipTel"},"content":{"rendered":"\n<p><strong>Er 24-7 Net \/ Viptel IP telefoni ogs\u00e5 noget for dig?<\/strong><br>Kort fortalt &#8211; Viptel er et anderledes teleselskab med speciale i IP-telefoni. Vi leverer IP fastnet telefoni og mobil telefoni med mulighed for SIP.<\/p>\n\n\n\n<p>Vi har v\u00e6ret med siden IP-telefoniens start. Vi har mange \u00e5rs erfaring og prim\u00e6rt fokus p\u00e5 driftsstabilitet og produktudvikling. Derfor kan vi i dag tilbyde et af Danmarks st\u00e6rkeste og mest stabile telefoniprodukter &#8211; kombineret med gode priser, naturligvis!<\/p>\n\n\n\n<p><strong>Fordele hos Viptel<\/strong><\/p>\n\n\n\n<p>Vi byder p\u00e5 mange fordele &#8211; her er nogle af dem:<br><a rel=\"noreferrer noopener\" href=\"http:\/\/www.247net.dk\/ip-telefoni\" data-type=\"URL\" data-id=\"http:\/\/www.247net.dk\/ip-telefoni\" target=\"_blank\">Lave priser p\u00e5 fastnettelefoni\/IP-telefoni<\/a><br>H\u00f8j driftsstabilitet og samtalekvalitet<br>Effektiv kundeservice med<br>Ingen bindingsperiode p\u00e5 vores abonnementer<br>Abonnementer fra 0 kroner<br>Gratis oprettelse af nyt telefonnummer<br>Gratis flytning af dit nuv\u00e6rende nummer (v\u00e6rdi 299,- kr.)<\/p>\n\n\n\n<p>ATA-adapter:<br>Skal anvendes n\u00e5r du skal bruge eksisterende bord og tr\u00e5dl\u00f8se telefoner evt. eksisterende udstyr ATA-udstyr fra tidliger leverand\u00f8r kan sandsynligvis godt genbruges<br>ATA-adapter skal bestilles s\u00e6rskilt hos 24-7Net &#8211; <a rel=\"noreferrer noopener\" href=\"http:\/\/viptel.dk\/produkter\/hardware\" data-type=\"URL\" data-id=\"http:\/\/viptel.dk\/produkter\/hardware\" target=\"_blank\">Bestil her<\/a><\/p>\n\n\n\n<p>Bestil <a rel=\"noreferrer noopener\" href=\"http:\/\/viptel.dk\/bestil?reseller=247net\" data-type=\"URL\" data-id=\"http:\/\/viptel.dk\/bestil?reseller=247net\" target=\"_blank\">online <\/a>eller kontakt os for at h\u00f8re mere<\/p>\n\n\n\n<figure class=\"wp-block-image size-full\"><img decoding=\"async\" src=\"https:\/\/demo.steait.net\/wp-content\/uploads\/2023\/01\/Viptel.png\" alt=\"\" class=\"wp-image-59\"\/><\/figure>\n","protected":false},"excerpt":{"rendered":"<p>Er 24-7 Net \/ Viptel IP telefoni ogs\u00e5 noget for dig?Kort fortalt &#8211; Viptel er et anderledes teleselskab med speciale i IP-telefoni. Vi leverer IP fastnet telefoni og mobil telefoni med mulighed for SIP. Vi har v\u00e6ret med siden IP-telefoniens start. Vi har mange \u00e5rs erfaring og prim\u00e6rt fokus p\u00e5 driftsstabilitet og produktudvikling. Derfor kan [&hellip;]<\/p>\n","protected":false},"author":1,"featured_media":0,"parent":0,"menu_order":0,"comment_status":"closed","ping_status":"closed","template":"","meta":{"footnotes":""},"class_list":["post-34","page","type-page","status-publish","hentry"],"_links":{"self":[{"href":"https:\/\/247net.dk\/index.php\/wp-json\/wp\/v2\/pages\/34","targetHints":{"allow":["GET"]}}],"collection":[{"href":"https:\/\/247net.dk\/index.php\/wp-json\/wp\/v2\/pages"}],"about":[{"href":"https:\/\/247net.dk\/index.php\/wp-json\/wp\/v2\/types\/page"}],"author":[{"embeddable":true,"href":"https:\/\/247net.dk\/index.php\/wp-json\/wp\/v2\/users\/1"}],"replies":[{"embeddable":true,"href":"https:\/\/247net.dk\/index.php\/wp-json\/wp\/v2\/comments?post=34"}],"version-history":[{"count":2,"href":"https:\/\/247net.dk\/index.php\/wp-json\/wp\/v2\/pages\/34\/revisions"}],"predecessor-version":[{"id":51,"href":"https:\/\/247net.dk\/index.php\/wp-json\/wp\/v2\/pages\/34\/revisions\/51"}],"wp:attachment":[{"href":"https:\/\/247net.dk\/index.php\/wp-json\/wp\/v2\/media?parent=34"}],"curies":[{"name":"wp","href":"https:\/\/api.w.org\/{rel}","templated":true}]}}