{"id":35,"date":"2023-01-24T11:37:10","date_gmt":"2023-01-24T11:37:10","guid":{"rendered":"https:\/\/247net.dk\/?page_id=35"},"modified":"2023-01-24T11:43:11","modified_gmt":"2023-01-24T11:43:11","slug":"kontakt","status":"publish","type":"page","link":"https:\/\/247net.dk\/index.php\/kontakt\/","title":{"rendered":"Kontakt"},"content":{"rendered":"\n<p><strong>24-7 Net ApS<\/strong><br>Danmarksgade 19<br>6900 Skjern<br>Telefon: +45 4422 0247<br>E-mail: <a href=\"mailto:info@24-7net.dk\">info@24-7net.dk<\/a> <\/p>\n\n\n\n<p>Cvr. 35384774<\/p>\n\n\n\n<p>\u00c5bningstider (telefon)<br>Mandag &#8211; Torsdag 10:00 til 16:00<br>Fredag &#8211; 10:00 til 13:00<br>L\u00f8rdag &#8211; Lukket<br>S\u00f8ndag (helligdage) &#8211; Lukket<\/p>\n","protected":false},"excerpt":{"rendered":"<p>24-7 Net ApSDanmarksgade 196900 SkjernTelefon: +45 4422 0247E-mail: info@24-7net.dk Cvr. 35384774 \u00c5bningstider (telefon)Mandag &#8211; Torsdag 10:00 til 16:00Fredag &#8211; 10:00 til 13:00L\u00f8rdag &#8211; LukketS\u00f8ndag (helligdage) &#8211; Lukket<\/p>\n","protected":false},"author":1,"featured_media":0,"parent":0,"menu_order":0,"comment_status":"closed","ping_status":"closed","template":"","meta":{"footnotes":""},"class_list":["post-35","page","type-page","status-publish","hentry"],"_links":{"self":[{"href":"https:\/\/247net.dk\/index.php\/wp-json\/wp\/v2\/pages\/35","targetHints":{"allow":["GET"]}}],"collection":[{"href":"https:\/\/247net.dk\/index.php\/wp-json\/wp\/v2\/pages"}],"about":[{"href":"https:\/\/247net.dk\/index.php\/wp-json\/wp\/v2\/types\/page"}],"author":[{"embeddable":true,"href":"https:\/\/247net.dk\/index.php\/wp-json\/wp\/v2\/users\/1"}],"replies":[{"embeddable":true,"href":"https:\/\/247net.dk\/index.php\/wp-json\/wp\/v2\/comments?post=35"}],"version-history":[{"count":2,"href":"https:\/\/247net.dk\/index.php\/wp-json\/wp\/v2\/pages\/35\/revisions"}],"predecessor-version":[{"id":53,"href":"https:\/\/247net.dk\/index.php\/wp-json\/wp\/v2\/pages\/35\/revisions\/53"}],"wp:attachment":[{"href":"https:\/\/247net.dk\/index.php\/wp-json\/wp\/v2\/media?parent=35"}],"curies":[{"name":"wp","href":"https:\/\/api.w.org\/{rel}","templated":true}]}}